{"id":281,"date":"2021-05-13T16:38:15","date_gmt":"2021-05-13T16:38:15","guid":{"rendered":"https:\/\/amyroux.de\/?page_id=281"},"modified":"2026-04-15T08:52:23","modified_gmt":"2026-04-15T08:52:23","slug":"wunschliste-zahlsklaven","status":"publish","type":"page","link":"https:\/\/amyroux.de\/index.php\/wunschliste-zahlsklaven\/","title":{"rendered":"Wunschliste"},"content":{"rendered":"\t\t<div data-elementor-type=\"wp-page\" data-elementor-id=\"281\" class=\"elementor elementor-281\">\n\t\t\t\t\t\t<section class=\"elementor-section elementor-top-section elementor-element elementor-element-35c52923 elementor-section-content-middle elementor-section-boxed elementor-section-height-default elementor-section-height-default wpr-particle-no wpr-jarallax-no wpr-parallax-no wpr-sticky-section-no\" data-id=\"35c52923\" data-element_type=\"section\" data-e-type=\"section\" data-settings=\"{&quot;background_background&quot;:&quot;classic&quot;}\">\n\t\t\t\t\t\t<div class=\"elementor-container elementor-column-gap-no\">\n\t\t\t\t\t<div class=\"elementor-column elementor-col-50 elementor-top-column elementor-element elementor-element-520d350f\" data-id=\"520d350f\" data-element_type=\"column\" data-e-type=\"column\">\n\t\t\t<div class=\"elementor-widget-wrap elementor-element-populated\">\n\t\t\t\t\t\t<div class=\"elementor-element elementor-element-2d469f7d elementor-widget elementor-widget-image\" data-id=\"2d469f7d\" data-element_type=\"widget\" data-e-type=\"widget\" data-widget_type=\"image.default\">\n\t\t\t\t<div class=\"elementor-widget-container\">\n\t\t\t\t\t\t\t\t\t\t\t\t\t\t\t<img fetchpriority=\"high\" decoding=\"async\" width=\"2490\" height=\"2560\" src=\"https:\/\/amyroux.de\/wp-content\/uploads\/2021\/05\/IMG_1703-scaled.jpg\" class=\"attachment-full size-full wp-image-408\" alt=\"\" srcset=\"https:\/\/amyroux.de\/wp-content\/uploads\/2021\/05\/IMG_1703-scaled.jpg 2490w, https:\/\/amyroux.de\/wp-content\/uploads\/2021\/05\/IMG_1703-600x617.jpg 600w, https:\/\/amyroux.de\/wp-content\/uploads\/2021\/05\/IMG_1703-292x300.jpg 292w, https:\/\/amyroux.de\/wp-content\/uploads\/2021\/05\/IMG_1703-996x1024.jpg 996w, https:\/\/amyroux.de\/wp-content\/uploads\/2021\/05\/IMG_1703-768x790.jpg 768w, https:\/\/amyroux.de\/wp-content\/uploads\/2021\/05\/IMG_1703-1494x1536.jpg 1494w, https:\/\/amyroux.de\/wp-content\/uploads\/2021\/05\/IMG_1703-1992x2048.jpg 1992w, https:\/\/amyroux.de\/wp-content\/uploads\/2021\/05\/IMG_1703-100x103.jpg 100w, https:\/\/amyroux.de\/wp-content\/uploads\/2021\/05\/IMG_1703-150x154.jpg 150w, https:\/\/amyroux.de\/wp-content\/uploads\/2021\/05\/IMG_1703-200x206.jpg 200w, https:\/\/amyroux.de\/wp-content\/uploads\/2021\/05\/IMG_1703-300x308.jpg 300w, https:\/\/amyroux.de\/wp-content\/uploads\/2021\/05\/IMG_1703-450x463.jpg 450w, https:\/\/amyroux.de\/wp-content\/uploads\/2021\/05\/IMG_1703-900x925.jpg 900w\" sizes=\"(max-width: 2490px) 100vw, 2490px\" \/>\t\t\t\t\t\t\t\t\t\t\t\t\t\t\t<\/div>\n\t\t\t\t<\/div>\n\t\t\t\t\t<\/div>\n\t\t<\/div>\n\t\t\t\t<div class=\"elementor-column elementor-col-50 elementor-top-column elementor-element elementor-element-32072525\" data-id=\"32072525\" data-element_type=\"column\" data-e-type=\"column\">\n\t\t\t<div class=\"elementor-widget-wrap elementor-element-populated\">\n\t\t\t\t\t\t<div class=\"elementor-element elementor-element-5b18c831 elementor-widget elementor-widget-heading\" data-id=\"5b18c831\" data-element_type=\"widget\" data-e-type=\"widget\" data-widget_type=\"heading.default\">\n\t\t\t\t<div class=\"elementor-widget-container\">\n\t\t\t\t\t<h4 class=\"elementor-heading-title elementor-size-default\">Wunschliste<\/h4>\t\t\t\t<\/div>\n\t\t\t\t<\/div>\n\t\t\t\t<div class=\"elementor-element elementor-element-1be58ed8 elementor-widget elementor-widget-text-editor\" data-id=\"1be58ed8\" data-element_type=\"widget\" data-e-type=\"widget\" data-widget_type=\"text-editor.default\">\n\t\t\t\t<div class=\"elementor-widget-container\">\n\t\t\t\t\t\t\t\t\t<p>Ich freue mich \u00fcber Geschenke von meiner <a href=\"https:\/\/www.amazon.de\/hz\/wishlist\/ls\/2AGPCCKZZDEQW?ref_=wl_share\">Wunschliste<\/a>.<br \/>Du m\u00f6chtest mir etwas schicken? Nutze bitte meine Packstation:<br \/>A.M.<br \/>975748151<br \/>Packstation 153<br \/>Rehhecke 78<br \/>40885 Ratingen<\/p><p>Mit folgenden Dingen kannst du mir eine Freude bereiten:<br \/>&#8211; vegane Snacks<br \/>&#8211; Produkte von <a href=\"https:\/\/wwws-uk1.givex.com\/cws4.0\/lusheurde\/de\/e-gifts\/\">Lush<\/a> oder <a href=\"https:\/\/www.rituals.com\/de-de\/gift-cards.html\">Rituals<\/a><br \/>&#8211; Gutscheine von <a href=\"https:\/\/www.zalando.de\/geschenk-gutscheine\/\">Zalando<\/a> <br \/>&#8211; Gutscheine von dm\/rossmann<br \/>&#8211; Parfum von Jo Malone<br \/>&#8211; Schuhe in Gr\u00f6\u00dfe 41<\/p>\t\t\t\t\t\t\t\t<\/div>\n\t\t\t\t<\/div>\n\t\t\t\t\t<\/div>\n\t\t<\/div>\n\t\t\t\t\t<\/div>\n\t\t<\/section>\n\t\t\t\t<\/div>\n\t\t","protected":false},"excerpt":{"rendered":"<p>Wunschliste Ich freue mich \u00fcber Geschenke von meiner Wunschliste.Du m\u00f6chtest mir etwas schicken? Nutze bitte meine Packstation:A.M.975748151Packstation 153Rehhecke 7840885 Ratingen Mit folgenden Dingen kannst du mir eine Freude bereiten:&#8211; vegane Snacks&#8211; Produkte von Lush oder Rituals&#8211; Gutscheine von Zalando &#8211; &hellip;<\/p>\n<p class=\"read-more\"> <a class=\"more-link\" href=\"https:\/\/amyroux.de\/index.php\/wunschliste-zahlsklaven\/\"> <span class=\"screen-reader-text\">Wunschliste<\/span> Weiterlesen &raquo;<\/a><\/p>\n","protected":false},"author":1,"featured_media":0,"parent":0,"menu_order":0,"comment_status":"closed","ping_status":"closed","template":"elementor_header_footer","meta":{"footnotes":""},"class_list":["post-281","page","type-page","status-publish","hentry"],"yoast_head":"<!-- This site is optimized with the Yoast SEO plugin v27.5 - https:\/\/yoast.com\/product\/yoast-seo-wordpress\/ -->\n<title>Wunschliste - BDSM &amp; Domina in D\u00fcsseldorf | Amy Roux<\/title>\n<meta name=\"robots\" content=\"index, follow, max-snippet:-1, max-image-preview:large, max-video-preview:-1\" \/>\n<link rel=\"canonical\" href=\"https:\/\/amyroux.de\/index.php\/wunschliste-zahlsklaven\/\" \/>\n<meta property=\"og:locale\" content=\"de_DE\" \/>\n<meta property=\"og:type\" content=\"article\" \/>\n<meta property=\"og:title\" content=\"Wunschliste - BDSM &amp; Domina in D\u00fcsseldorf | Amy Roux\" \/>\n<meta property=\"og:description\" content=\"Wunschliste Ich freue mich \u00fcber Geschenke von meiner Wunschliste.Du m\u00f6chtest mir etwas schicken? Nutze bitte meine Packstation:A.M.975748151Packstation 153Rehhecke 7840885 Ratingen Mit folgenden Dingen kannst du mir eine Freude bereiten:&#8211; vegane Snacks&#8211; Produkte von Lush oder Rituals&#8211; Gutscheine von Zalando &#8211; &hellip; Wunschliste Weiterlesen &raquo;\" \/>\n<meta property=\"og:url\" content=\"https:\/\/amyroux.de\/index.php\/wunschliste-zahlsklaven\/\" \/>\n<meta property=\"og:site_name\" content=\"BDSM &amp; Domina in D\u00fcsseldorf | Amy Roux\" \/>\n<meta property=\"article:modified_time\" content=\"2026-04-15T08:52:23+00:00\" \/>\n<meta property=\"og:image\" content=\"https:\/\/amyroux.de\/wp-content\/uploads\/2021\/05\/IMG_1703-scaled.jpg\" \/>\n\t<meta property=\"og:image:width\" content=\"2490\" \/>\n\t<meta property=\"og:image:height\" content=\"2560\" \/>\n\t<meta property=\"og:image:type\" content=\"image\/jpeg\" \/>\n<meta name=\"twitter:card\" content=\"summary_large_image\" \/>\n<meta name=\"twitter:site\" content=\"@AmyRoux2\" \/>\n<meta name=\"twitter:label1\" content=\"Gesch\u00e4tzte Lesezeit\" \/>\n\t<meta name=\"twitter:data1\" content=\"1\u00a0Minute\" \/>\n<script type=\"application\/ld+json\" class=\"yoast-schema-graph\">{\"@context\":\"https:\\\/\\\/schema.org\",\"@graph\":[{\"@type\":\"WebPage\",\"@id\":\"https:\\\/\\\/amyroux.de\\\/index.php\\\/wunschliste-zahlsklaven\\\/\",\"url\":\"https:\\\/\\\/amyroux.de\\\/index.php\\\/wunschliste-zahlsklaven\\\/\",\"name\":\"Wunschliste - BDSM &amp; Domina in D\u00fcsseldorf | Amy Roux\",\"isPartOf\":{\"@id\":\"https:\\\/\\\/amyroux.de\\\/#website\"},\"primaryImageOfPage\":{\"@id\":\"https:\\\/\\\/amyroux.de\\\/index.php\\\/wunschliste-zahlsklaven\\\/#primaryimage\"},\"image\":{\"@id\":\"https:\\\/\\\/amyroux.de\\\/index.php\\\/wunschliste-zahlsklaven\\\/#primaryimage\"},\"thumbnailUrl\":\"https:\\\/\\\/amyroux.de\\\/wp-content\\\/uploads\\\/2021\\\/05\\\/IMG_1703-scaled.jpg\",\"datePublished\":\"2021-05-13T16:38:15+00:00\",\"dateModified\":\"2026-04-15T08:52:23+00:00\",\"breadcrumb\":{\"@id\":\"https:\\\/\\\/amyroux.de\\\/index.php\\\/wunschliste-zahlsklaven\\\/#breadcrumb\"},\"inLanguage\":\"de\",\"potentialAction\":[{\"@type\":\"ReadAction\",\"target\":[\"https:\\\/\\\/amyroux.de\\\/index.php\\\/wunschliste-zahlsklaven\\\/\"]}]},{\"@type\":\"ImageObject\",\"inLanguage\":\"de\",\"@id\":\"https:\\\/\\\/amyroux.de\\\/index.php\\\/wunschliste-zahlsklaven\\\/#primaryimage\",\"url\":\"https:\\\/\\\/amyroux.de\\\/wp-content\\\/uploads\\\/2021\\\/05\\\/IMG_1703-scaled.jpg\",\"contentUrl\":\"https:\\\/\\\/amyroux.de\\\/wp-content\\\/uploads\\\/2021\\\/05\\\/IMG_1703-scaled.jpg\",\"width\":2490,\"height\":2560},{\"@type\":\"BreadcrumbList\",\"@id\":\"https:\\\/\\\/amyroux.de\\\/index.php\\\/wunschliste-zahlsklaven\\\/#breadcrumb\",\"itemListElement\":[{\"@type\":\"ListItem\",\"position\":1,\"name\":\"Startseite\",\"item\":\"https:\\\/\\\/amyroux.de\\\/\"},{\"@type\":\"ListItem\",\"position\":2,\"name\":\"Wunschliste\"}]},{\"@type\":\"WebSite\",\"@id\":\"https:\\\/\\\/amyroux.de\\\/#website\",\"url\":\"https:\\\/\\\/amyroux.de\\\/\",\"name\":\"BDSM & Domina in D\u00fcsseldorf | Amy Roux\",\"description\":\"Amy Roux - Bizarrlady aus NRW\",\"publisher\":{\"@id\":\"https:\\\/\\\/amyroux.de\\\/#organization\"},\"alternateName\":\"Amy Roux\",\"potentialAction\":[{\"@type\":\"SearchAction\",\"target\":{\"@type\":\"EntryPoint\",\"urlTemplate\":\"https:\\\/\\\/amyroux.de\\\/?s={search_term_string}\"},\"query-input\":{\"@type\":\"PropertyValueSpecification\",\"valueRequired\":true,\"valueName\":\"search_term_string\"}}],\"inLanguage\":\"de\"},{\"@type\":\"Organization\",\"@id\":\"https:\\\/\\\/amyroux.de\\\/#organization\",\"name\":\"BDSM & Domina in D\u00fcsseldorf | Amy Roux\",\"alternateName\":\"Amy Roux\",\"url\":\"https:\\\/\\\/amyroux.de\\\/\",\"logo\":{\"@type\":\"ImageObject\",\"inLanguage\":\"de\",\"@id\":\"https:\\\/\\\/amyroux.de\\\/#\\\/schema\\\/logo\\\/image\\\/\",\"url\":\"\",\"contentUrl\":\"\",\"caption\":\"BDSM & Domina in D\u00fcsseldorf | Amy Roux\"},\"image\":{\"@id\":\"https:\\\/\\\/amyroux.de\\\/#\\\/schema\\\/logo\\\/image\\\/\"},\"sameAs\":[\"https:\\\/\\\/x.com\\\/AmyRoux2\",\"https:\\\/\\\/www.instagram.com\\\/roux.cherie\\\/\"]}]}<\/script>\n<!-- \/ Yoast SEO plugin. -->","yoast_head_json":{"title":"Wunschliste - BDSM &amp; Domina in D\u00fcsseldorf | Amy Roux","robots":{"index":"index","follow":"follow","max-snippet":"max-snippet:-1","max-image-preview":"max-image-preview:large","max-video-preview":"max-video-preview:-1"},"canonical":"https:\/\/amyroux.de\/index.php\/wunschliste-zahlsklaven\/","og_locale":"de_DE","og_type":"article","og_title":"Wunschliste - BDSM &amp; Domina in D\u00fcsseldorf | Amy Roux","og_description":"Wunschliste Ich freue mich \u00fcber Geschenke von meiner Wunschliste.Du m\u00f6chtest mir etwas schicken? Nutze bitte meine Packstation:A.M.975748151Packstation 153Rehhecke 7840885 Ratingen Mit folgenden Dingen kannst du mir eine Freude bereiten:&#8211; vegane Snacks&#8211; Produkte von Lush oder Rituals&#8211; Gutscheine von Zalando &#8211; &hellip; Wunschliste Weiterlesen &raquo;","og_url":"https:\/\/amyroux.de\/index.php\/wunschliste-zahlsklaven\/","og_site_name":"BDSM &amp; Domina in D\u00fcsseldorf | Amy Roux","article_modified_time":"2026-04-15T08:52:23+00:00","og_image":[{"width":2490,"height":2560,"url":"https:\/\/amyroux.de\/wp-content\/uploads\/2021\/05\/IMG_1703-scaled.jpg","type":"image\/jpeg"}],"twitter_card":"summary_large_image","twitter_site":"@AmyRoux2","twitter_misc":{"Gesch\u00e4tzte Lesezeit":"1\u00a0Minute"},"schema":{"@context":"https:\/\/schema.org","@graph":[{"@type":"WebPage","@id":"https:\/\/amyroux.de\/index.php\/wunschliste-zahlsklaven\/","url":"https:\/\/amyroux.de\/index.php\/wunschliste-zahlsklaven\/","name":"Wunschliste - BDSM &amp; Domina in D\u00fcsseldorf | Amy Roux","isPartOf":{"@id":"https:\/\/amyroux.de\/#website"},"primaryImageOfPage":{"@id":"https:\/\/amyroux.de\/index.php\/wunschliste-zahlsklaven\/#primaryimage"},"image":{"@id":"https:\/\/amyroux.de\/index.php\/wunschliste-zahlsklaven\/#primaryimage"},"thumbnailUrl":"https:\/\/amyroux.de\/wp-content\/uploads\/2021\/05\/IMG_1703-scaled.jpg","datePublished":"2021-05-13T16:38:15+00:00","dateModified":"2026-04-15T08:52:23+00:00","breadcrumb":{"@id":"https:\/\/amyroux.de\/index.php\/wunschliste-zahlsklaven\/#breadcrumb"},"inLanguage":"de","potentialAction":[{"@type":"ReadAction","target":["https:\/\/amyroux.de\/index.php\/wunschliste-zahlsklaven\/"]}]},{"@type":"ImageObject","inLanguage":"de","@id":"https:\/\/amyroux.de\/index.php\/wunschliste-zahlsklaven\/#primaryimage","url":"https:\/\/amyroux.de\/wp-content\/uploads\/2021\/05\/IMG_1703-scaled.jpg","contentUrl":"https:\/\/amyroux.de\/wp-content\/uploads\/2021\/05\/IMG_1703-scaled.jpg","width":2490,"height":2560},{"@type":"BreadcrumbList","@id":"https:\/\/amyroux.de\/index.php\/wunschliste-zahlsklaven\/#breadcrumb","itemListElement":[{"@type":"ListItem","position":1,"name":"Startseite","item":"https:\/\/amyroux.de\/"},{"@type":"ListItem","position":2,"name":"Wunschliste"}]},{"@type":"WebSite","@id":"https:\/\/amyroux.de\/#website","url":"https:\/\/amyroux.de\/","name":"BDSM & Domina in D\u00fcsseldorf | Amy Roux","description":"Amy Roux - Bizarrlady aus NRW","publisher":{"@id":"https:\/\/amyroux.de\/#organization"},"alternateName":"Amy Roux","potentialAction":[{"@type":"SearchAction","target":{"@type":"EntryPoint","urlTemplate":"https:\/\/amyroux.de\/?s={search_term_string}"},"query-input":{"@type":"PropertyValueSpecification","valueRequired":true,"valueName":"search_term_string"}}],"inLanguage":"de"},{"@type":"Organization","@id":"https:\/\/amyroux.de\/#organization","name":"BDSM & Domina in D\u00fcsseldorf | Amy Roux","alternateName":"Amy Roux","url":"https:\/\/amyroux.de\/","logo":{"@type":"ImageObject","inLanguage":"de","@id":"https:\/\/amyroux.de\/#\/schema\/logo\/image\/","url":"","contentUrl":"","caption":"BDSM & Domina in D\u00fcsseldorf | Amy Roux"},"image":{"@id":"https:\/\/amyroux.de\/#\/schema\/logo\/image\/"},"sameAs":["https:\/\/x.com\/AmyRoux2","https:\/\/www.instagram.com\/roux.cherie\/"]}]}},"_links":{"self":[{"href":"https:\/\/amyroux.de\/index.php\/wp-json\/wp\/v2\/pages\/281","targetHints":{"allow":["GET"]}}],"collection":[{"href":"https:\/\/amyroux.de\/index.php\/wp-json\/wp\/v2\/pages"}],"about":[{"href":"https:\/\/amyroux.de\/index.php\/wp-json\/wp\/v2\/types\/page"}],"author":[{"embeddable":true,"href":"https:\/\/amyroux.de\/index.php\/wp-json\/wp\/v2\/users\/1"}],"replies":[{"embeddable":true,"href":"https:\/\/amyroux.de\/index.php\/wp-json\/wp\/v2\/comments?post=281"}],"version-history":[{"count":52,"href":"https:\/\/amyroux.de\/index.php\/wp-json\/wp\/v2\/pages\/281\/revisions"}],"predecessor-version":[{"id":1769,"href":"https:\/\/amyroux.de\/index.php\/wp-json\/wp\/v2\/pages\/281\/revisions\/1769"}],"wp:attachment":[{"href":"https:\/\/amyroux.de\/index.php\/wp-json\/wp\/v2\/media?parent=281"}],"curies":[{"name":"wp","href":"https:\/\/api.w.org\/{rel}","templated":true}]}}